{"id":51,"date":"2018-12-28T14:16:16","date_gmt":"2018-12-28T13:16:16","guid":{"rendered":"https:\/\/panterito.org\/?page_id=51"},"modified":"2024-07-17T14:20:28","modified_gmt":"2024-07-17T12:20:28","slug":"impressum","status":"publish","type":"page","link":"https:\/\/panterito.org\/de\/impressum\/","title":{"rendered":"Impressum"},"content":{"rendered":"\n<style type=\"text\/css\" data-created_by=\"avia_inline_auto\" id=\"style-css-av-jsyrtv9a-05a5ddf98f0415df08b025c63648a062\">\n.avia-section.av-jsyrtv9a-05a5ddf98f0415df08b025c63648a062 .av-extra-border-element .av-extra-border-inner{\nbackground-color:#ffffff;\n}\n<\/style>\n<div id='av_section_1'  class='avia-section av-jsyrtv9a-05a5ddf98f0415df08b025c63648a062 alternate_color avia-section-no-padding avia-no-border-styling  avia-builder-el-0  el_before_av_section  avia-builder-el-first  avia-bg-style-scroll  container_wrap sidebar_right'  ><div class='container av-section-cont-open' ><main  role=\"main\" itemprop=\"mainContentOfPage\"  class='template-page content  av-content-small alpha units'><div class='post-entry post-entry-type-page post-entry-51'><div class='entry-content-wrapper clearfix'>\n<div class='flex_column_table av-1k4us-6a3f82ee22f25a35a3e1d92dbed8b351 sc-av_one_half av-break-at-tablet-flextable av-equal-height-column-flextable'>\n<style type=\"text\/css\" data-created_by=\"avia_inline_auto\" id=\"style-css-av-1k4us-6a3f82ee22f25a35a3e1d92dbed8b351\">\n.flex_column.av-1k4us-6a3f82ee22f25a35a3e1d92dbed8b351{\nborder-radius:0px 0px 0px 0px;\n-webkit-border-radius:0px 0px 0px 0px;\n-moz-border-radius:0px 0px 0px 0px;\n}\n<\/style>\n<div class='flex_column av-1k4us-6a3f82ee22f25a35a3e1d92dbed8b351 av_one_half  avia-builder-el-1  el_before_av_one_half  avia-builder-el-first  first av-break-at-tablet flex_column_table_cell av-equal-height-column av-align-middle av-zero-column-padding '   ><section class=\"av_textblock_section \"  itemscope=\"itemscope\" itemtype=\"https:\/\/schema.org\/CreativeWork\" ><div class='avia_textblock  '   itemprop=\"text\" ><h1>Impressum<\/h1>\n<\/div><\/section><\/div><div class='av-flex-placeholder'><\/div>\n<style type=\"text\/css\" data-created_by=\"avia_inline_auto\" id=\"style-css-av-12iwk-a14b6a52ffbcc7d6fe79ed0104817573\">\n.flex_column.av-12iwk-a14b6a52ffbcc7d6fe79ed0104817573{\nborder-radius:0px 0px 0px 0px;\n-webkit-border-radius:0px 0px 0px 0px;\n-moz-border-radius:0px 0px 0px 0px;\n}\n<\/style>\n<div class='flex_column av-12iwk-a14b6a52ffbcc7d6fe79ed0104817573 av_one_half  avia-builder-el-3  el_after_av_one_half  avia-builder-el-last  av-break-at-tablet flex_column_table_cell av-equal-height-column av-align-middle av-zero-column-padding '   ><style type=\"text\/css\" data-created_by=\"avia_inline_auto\" id=\"style-css-av-jsyrsq2i-09589df7593bab5c9d7325ca5ebf8161\">\n.avia-image-container.av-jsyrsq2i-09589df7593bab5c9d7325ca5ebf8161 .av-image-caption-overlay-center{\ncolor:#ffffff;\n}\n<\/style>\n<div  class='avia-image-container av-jsyrsq2i-09589df7593bab5c9d7325ca5ebf8161 av-styling-no-styling avia-align-  avia-builder-el-4  avia-builder-el-no-sibling  '  itemprop=\"image\" itemscope=\"itemscope\" itemtype=\"https:\/\/schema.org\/ImageObject\" ><div class=\"avia-image-container-inner\"><div class=\"avia-image-overlay-wrap\"><img class='wp-image-45 avia-img-lazy-loading-not-45 avia_image' src=\"https:\/\/panterito.org\/wp-content\/uploads\/2018\/11\/panterito-logo-500-300x300.png\" alt='' title='panterito-logo-500'  height=\"300\" width=\"300\"  itemprop=\"thumbnailUrl\" srcset=\"https:\/\/panterito.org\/wp-content\/uploads\/2018\/11\/panterito-logo-500-300x300.png 300w, https:\/\/panterito.org\/wp-content\/uploads\/2018\/11\/panterito-logo-500-80x80.png 80w, https:\/\/panterito.org\/wp-content\/uploads\/2018\/11\/panterito-logo-500-36x36.png 36w, https:\/\/panterito.org\/wp-content\/uploads\/2018\/11\/panterito-logo-500-180x180.png 180w, https:\/\/panterito.org\/wp-content\/uploads\/2018\/11\/panterito-logo-500-120x120.png 120w, https:\/\/panterito.org\/wp-content\/uploads\/2018\/11\/panterito-logo-500-450x450.png 450w, https:\/\/panterito.org\/wp-content\/uploads\/2018\/11\/panterito-logo-500.png 500w\" sizes=\"(max-width: 300px) 100vw, 300px\" \/><\/div><\/div><\/div><\/div><\/div><!--close column table wrapper. Autoclose: 1 -->\n\n<\/div><\/div><\/main><!-- close content main element --><\/div><div class='av-extra-border-element border-extra-diagonal border-extra-diagonal-inverse '><div class='av-extra-border-outer'><div class='av-extra-border-inner'><\/div><\/div><\/div><\/div><div id='av_section_2'  class='avia-section av-jsyrtv9a-0c3d0d0560d5569754795fa2c907c5b5 main_color avia-section-small avia-no-border-styling  avia-builder-el-5  el_after_av_section  avia-builder-el-last  avia-bg-style-scroll  container_wrap sidebar_right'  ><div class='container av-section-cont-open' ><div class='template-page content  av-content-small alpha units'><div class='post-entry post-entry-type-page post-entry-51'><div class='entry-content-wrapper clearfix'>\n<div class='flex_column_table av-1k4us-3118b623cd8cfac4411e14de889b31e1 sc-av_one_full av-equal-height-column-flextable'>\n<style type=\"text\/css\" data-created_by=\"avia_inline_auto\" id=\"style-css-av-1k4us-3118b623cd8cfac4411e14de889b31e1\">\n#top .flex_column_table.av-equal-height-column-flextable.av-1k4us-3118b623cd8cfac4411e14de889b31e1{\nmargin-top:0px;\nmargin-bottom:0px;\n}\n.flex_column.av-1k4us-3118b623cd8cfac4411e14de889b31e1{\nborder-radius:0px 0px 0px 0px;\n-webkit-border-radius:0px 0px 0px 0px;\n-moz-border-radius:0px 0px 0px 0px;\npadding: 0px 20px 0px 20px;\n}\n<\/style>\n<div class='flex_column av-1k4us-3118b623cd8cfac4411e14de889b31e1 av_one_full  avia-builder-el-6  el_before_av_one_half  avia-builder-el-first  first no_margin flex_column_table_cell av-equal-height-column av-align-top '   ><section class=\"av_textblock_section \"  itemscope=\"itemscope\" itemtype=\"https:\/\/schema.org\/CreativeWork\" ><div class='avia_textblock  '   itemprop=\"text\" ><h4>Panterito Stiftung<\/h4>\n<\/div><\/section><\/div><\/div><!--close column table wrapper. Autoclose: 1 -->\n<style type=\"text\/css\" data-created_by=\"avia_inline_auto\" id=\"style-css-av-l03nlqsc-75ea81fd6176f0384668e59df4170552\">\n#top .flex_column.av-l03nlqsc-75ea81fd6176f0384668e59df4170552{\nmargin-top:0px;\nmargin-bottom:0px;\n}\n.flex_column.av-l03nlqsc-75ea81fd6176f0384668e59df4170552{\nborder-radius:0px 0px 0px 0px;\n-webkit-border-radius:0px 0px 0px 0px;\n-moz-border-radius:0px 0px 0px 0px;\npadding: 0px 20px 90px 20px;\n}\n.responsive #top #wrap_all .flex_column.av-l03nlqsc-75ea81fd6176f0384668e59df4170552{\nmargin-top:0px;\nmargin-bottom:0px;\n}\n<\/style>\n<div class='flex_column av-l03nlqsc-75ea81fd6176f0384668e59df4170552 av_one_half  avia-builder-el-8  el_after_av_one_full  el_before_av_one_half  first no_margin flex_column_div column-top-margin'   ><p><section class=\"av_textblock_section \"  itemscope=\"itemscope\" itemtype=\"https:\/\/schema.org\/CreativeWork\" ><div class='avia_textblock  '   itemprop=\"text\" ><p><strong>Gesch\u00e4ftsstelle <\/strong><\/p>\n<p>Klufterstra\u00dfe 22<br \/>\n53175 Bonn<\/p>\n<p><a href=\"mailto:mail@panterito.org\">mail@panterito.org<\/a><\/p>\n<p>Inhaltlich Verantwortlicher: Simon St\u00fcrtz<\/p>\n<p>Hosting: Variomedia<\/p>\n<\/div><\/section><br \/>\n<section class=\"av_textblock_section \"  itemscope=\"itemscope\" itemtype=\"https:\/\/schema.org\/CreativeWork\" ><div class='avia_textblock  '   itemprop=\"text\" ><p><img loading=\"lazy\" class=\"\" src=\"https:\/\/api.thegreenwebfoundation.org\/greencheckimage\/panterito.org?nocache=true\" alt=\"This website is hosted Green - checked by thegreenwebfoundation.org\" width=\"262\" height=\"118\" \/><\/p>\n<\/div><\/section><\/p><\/div>\n<style type=\"text\/css\" data-created_by=\"avia_inline_auto\" id=\"style-css-av-1k4us-4dac9702a5592f5c7fa02253b5752a52\">\n#top .flex_column.av-1k4us-4dac9702a5592f5c7fa02253b5752a52{\nmargin-top:0px;\nmargin-bottom:0px;\n}\n.flex_column.av-1k4us-4dac9702a5592f5c7fa02253b5752a52{\nborder-radius:0px 0px 0px 0px;\n-webkit-border-radius:0px 0px 0px 0px;\n-moz-border-radius:0px 0px 0px 0px;\npadding:0px 20px 0px 20px;\n}\n.responsive #top #wrap_all .flex_column.av-1k4us-4dac9702a5592f5c7fa02253b5752a52{\nmargin-top:0px;\nmargin-bottom:0px;\n}\n<\/style>\n<div class='flex_column av-1k4us-4dac9702a5592f5c7fa02253b5752a52 av_one_half  avia-builder-el-11  el_after_av_one_half  avia-builder-el-last  no_margin flex_column_div column-top-margin'   ><section class=\"av_textblock_section \"  itemscope=\"itemscope\" itemtype=\"https:\/\/schema.org\/CreativeWork\" ><div class='avia_textblock  '   itemprop=\"text\" ><p><strong>Spendenkonto<\/strong><\/p>\n<p>GLS Bank<br \/>\nDE05 4306 0967 4030 2708 00<\/p>\n<p><strong>Haftungshinweis<\/strong><\/p>\n<p>Trotz sorgf\u00e4ltiger inhaltlicher Kontrolle \u00fcbernehmen wir keine Haftung f\u00fcr die Inhalte externer Links. F\u00fcr den Inhalt der verlinkten Seiten sind ausschlie\u00dflich deren Betreiber verantwortlich.<\/p>\n<\/div><\/section><\/div><\/div><\/div><\/div><!-- close content main div --><\/div><\/div><div id='after_section_2'  class='main_color av_default_container_wrap container_wrap sidebar_right'  ><div class='container av-section-cont-open' ><div class='template-page content  av-content-small alpha units'><div class='post-entry post-entry-type-page post-entry-51'><div class='entry-content-wrapper clearfix'>\n","protected":false},"excerpt":{"rendered":"","protected":false},"author":1,"featured_media":0,"parent":0,"menu_order":0,"comment_status":"closed","ping_status":"closed","template":"","meta":[],"yoast_head":"<!-- This site is optimized with the Yoast SEO plugin v17.3 - https:\/\/yoast.com\/wordpress\/plugins\/seo\/ -->\n<title>Impressum - Panterito Stiftung<\/title>\n<meta name=\"description\" content=\"Panterito Stiftung | Klufterstra\u00dfe 22, 53175 Bonn | mail@panterito.org\" \/>\n<meta name=\"robots\" content=\"noindex, nofollow\" \/>\n<meta property=\"og:locale\" content=\"de_DE\" \/>\n<meta property=\"og:type\" content=\"article\" \/>\n<meta property=\"og:title\" content=\"Impressum - Panterito Stiftung\" \/>\n<meta property=\"og:description\" content=\"Panterito Stiftung | Klufterstra\u00dfe 22, 53175 Bonn | mail@panterito.org\" \/>\n<meta property=\"og:url\" content=\"https:\/\/panterito.org\/de\/impressum\/\" \/>\n<meta property=\"og:site_name\" content=\"Panterito Stiftung\" \/>\n<meta property=\"article:modified_time\" content=\"2024-07-17T12:20:28+00:00\" \/>\n<meta property=\"og:image\" content=\"https:\/\/api.thegreenwebfoundation.org\/greencheckimage\/panterito.org?nocache=true\" \/>\n<meta name=\"twitter:card\" content=\"summary_large_image\" \/>\n<meta name=\"twitter:label1\" content=\"Gesch\u00e4tzte Lesezeit\" \/>\n\t<meta name=\"twitter:data1\" content=\"3\u00a0Minuten\" \/>\n<script type=\"application\/ld+json\" class=\"yoast-schema-graph\">{\"@context\":\"https:\/\/schema.org\",\"@graph\":[{\"@type\":\"WebSite\",\"@id\":\"https:\/\/panterito.org\/de\/#website\",\"url\":\"https:\/\/panterito.org\/de\/\",\"name\":\"Panterito Stiftung\",\"description\":\"\",\"potentialAction\":[{\"@type\":\"SearchAction\",\"target\":{\"@type\":\"EntryPoint\",\"urlTemplate\":\"https:\/\/panterito.org\/de\/?s={search_term_string}\"},\"query-input\":\"required name=search_term_string\"}],\"inLanguage\":\"de\"},{\"@type\":\"ImageObject\",\"@id\":\"https:\/\/panterito.org\/de\/impressum\/#primaryimage\",\"inLanguage\":\"de\",\"url\":\"https:\/\/api.thegreenwebfoundation.org\/greencheckimage\/panterito.org?nocache=true\",\"contentUrl\":\"https:\/\/api.thegreenwebfoundation.org\/greencheckimage\/panterito.org?nocache=true\"},{\"@type\":\"WebPage\",\"@id\":\"https:\/\/panterito.org\/de\/impressum\/#webpage\",\"url\":\"https:\/\/panterito.org\/de\/impressum\/\",\"name\":\"Impressum - Panterito Stiftung\",\"isPartOf\":{\"@id\":\"https:\/\/panterito.org\/de\/#website\"},\"primaryImageOfPage\":{\"@id\":\"https:\/\/panterito.org\/de\/impressum\/#primaryimage\"},\"datePublished\":\"2018-12-28T13:16:16+00:00\",\"dateModified\":\"2024-07-17T12:20:28+00:00\",\"description\":\"Panterito Stiftung | Klufterstra\\u00dfe 22, 53175 Bonn | mail@panterito.org\",\"breadcrumb\":{\"@id\":\"https:\/\/panterito.org\/de\/impressum\/#breadcrumb\"},\"inLanguage\":\"de\",\"potentialAction\":[{\"@type\":\"ReadAction\",\"target\":[\"https:\/\/panterito.org\/de\/impressum\/\"]}]},{\"@type\":\"BreadcrumbList\",\"@id\":\"https:\/\/panterito.org\/de\/impressum\/#breadcrumb\",\"itemListElement\":[{\"@type\":\"ListItem\",\"position\":1,\"name\":\"Home\",\"item\":\"https:\/\/panterito.org\/de\/home\/\"},{\"@type\":\"ListItem\",\"position\":2,\"name\":\"Impressum\"}]}]}<\/script>\n<!-- \/ Yoast SEO plugin. -->","yoast_head_json":{"title":"Impressum - Panterito Stiftung","description":"Panterito Stiftung | Klufterstra\u00dfe 22, 53175 Bonn | mail@panterito.org","robots":{"index":"noindex","follow":"nofollow"},"og_locale":"de_DE","og_type":"article","og_title":"Impressum - Panterito Stiftung","og_description":"Panterito Stiftung | Klufterstra\u00dfe 22, 53175 Bonn | mail@panterito.org","og_url":"https:\/\/panterito.org\/de\/impressum\/","og_site_name":"Panterito Stiftung","article_modified_time":"2024-07-17T12:20:28+00:00","og_image":[{"url":"https:\/\/api.thegreenwebfoundation.org\/greencheckimage\/panterito.org?nocache=true"}],"twitter_card":"summary_large_image","twitter_misc":{"Gesch\u00e4tzte Lesezeit":"3\u00a0Minuten"},"schema":{"@context":"https:\/\/schema.org","@graph":[{"@type":"WebSite","@id":"https:\/\/panterito.org\/de\/#website","url":"https:\/\/panterito.org\/de\/","name":"Panterito Stiftung","description":"","potentialAction":[{"@type":"SearchAction","target":{"@type":"EntryPoint","urlTemplate":"https:\/\/panterito.org\/de\/?s={search_term_string}"},"query-input":"required name=search_term_string"}],"inLanguage":"de"},{"@type":"ImageObject","@id":"https:\/\/panterito.org\/de\/impressum\/#primaryimage","inLanguage":"de","url":"https:\/\/api.thegreenwebfoundation.org\/greencheckimage\/panterito.org?nocache=true","contentUrl":"https:\/\/api.thegreenwebfoundation.org\/greencheckimage\/panterito.org?nocache=true"},{"@type":"WebPage","@id":"https:\/\/panterito.org\/de\/impressum\/#webpage","url":"https:\/\/panterito.org\/de\/impressum\/","name":"Impressum - Panterito Stiftung","isPartOf":{"@id":"https:\/\/panterito.org\/de\/#website"},"primaryImageOfPage":{"@id":"https:\/\/panterito.org\/de\/impressum\/#primaryimage"},"datePublished":"2018-12-28T13:16:16+00:00","dateModified":"2024-07-17T12:20:28+00:00","description":"Panterito Stiftung | Klufterstra\u00dfe 22, 53175 Bonn | mail@panterito.org","breadcrumb":{"@id":"https:\/\/panterito.org\/de\/impressum\/#breadcrumb"},"inLanguage":"de","potentialAction":[{"@type":"ReadAction","target":["https:\/\/panterito.org\/de\/impressum\/"]}]},{"@type":"BreadcrumbList","@id":"https:\/\/panterito.org\/de\/impressum\/#breadcrumb","itemListElement":[{"@type":"ListItem","position":1,"name":"Home","item":"https:\/\/panterito.org\/de\/home\/"},{"@type":"ListItem","position":2,"name":"Impressum"}]}]}},"_links":{"self":[{"href":"https:\/\/panterito.org\/de\/wp-json\/wp\/v2\/pages\/51"}],"collection":[{"href":"https:\/\/panterito.org\/de\/wp-json\/wp\/v2\/pages"}],"about":[{"href":"https:\/\/panterito.org\/de\/wp-json\/wp\/v2\/types\/page"}],"author":[{"embeddable":true,"href":"https:\/\/panterito.org\/de\/wp-json\/wp\/v2\/users\/1"}],"replies":[{"embeddable":true,"href":"https:\/\/panterito.org\/de\/wp-json\/wp\/v2\/comments?post=51"}],"version-history":[{"count":15,"href":"https:\/\/panterito.org\/de\/wp-json\/wp\/v2\/pages\/51\/revisions"}],"predecessor-version":[{"id":2572,"href":"https:\/\/panterito.org\/de\/wp-json\/wp\/v2\/pages\/51\/revisions\/2572"}],"wp:attachment":[{"href":"https:\/\/panterito.org\/de\/wp-json\/wp\/v2\/media?parent=51"}],"curies":[{"name":"wp","href":"https:\/\/api.w.org\/{rel}","templated":true}]}}