{"id":1611,"date":"2020-08-24T14:47:34","date_gmt":"2020-08-24T12:47:34","guid":{"rendered":"https:\/\/panterito.org\/?page_id=1611"},"modified":"2021-11-15T12:45:10","modified_gmt":"2021-11-15T11:45:10","slug":"transparenz","status":"publish","type":"page","link":"https:\/\/panterito.org\/de\/transparenz\/","title":{"rendered":"Transparenz"},"content":{"rendered":"\n<style type=\"text\/css\" data-created_by=\"avia_inline_auto\" id=\"style-css-av-jsyrtv9a-bab6b6d6cc30b5f7a07b867d6960637b\">\n.avia-section.av-jsyrtv9a-bab6b6d6cc30b5f7a07b867d6960637b .av-extra-border-element .av-extra-border-inner{\nbackground-color:#ffffff;\n}\n<\/style>\n<div id='av_section_1'  class='avia-section av-jsyrtv9a-bab6b6d6cc30b5f7a07b867d6960637b alternate_color avia-section-large avia-no-border-styling  avia-builder-el-0  el_before_av_section  avia-builder-el-first  avia-bg-style-scroll  container_wrap sidebar_right'  ><div class='container av-section-cont-open' ><main  role=\"main\" itemprop=\"mainContentOfPage\"  class='template-page content  av-content-small alpha units'><div class='post-entry post-entry-type-page post-entry-1611'><div class='entry-content-wrapper clearfix'>\n<div class='flex_column_table av-1k4us-6a3f82ee22f25a35a3e1d92dbed8b351 sc-av_one_half av-break-at-tablet-flextable av-equal-height-column-flextable'>\n<style type=\"text\/css\" data-created_by=\"avia_inline_auto\" id=\"style-css-av-1k4us-6a3f82ee22f25a35a3e1d92dbed8b351\">\n.flex_column.av-1k4us-6a3f82ee22f25a35a3e1d92dbed8b351{\nborder-radius:0px 0px 0px 0px;\n-webkit-border-radius:0px 0px 0px 0px;\n-moz-border-radius:0px 0px 0px 0px;\n}\n<\/style>\n<div class='flex_column av-1k4us-6a3f82ee22f25a35a3e1d92dbed8b351 av_one_half  avia-builder-el-1  el_before_av_one_half  avia-builder-el-first  first av-break-at-tablet flex_column_table_cell av-equal-height-column av-align-middle av-zero-column-padding '   ><section class=\"av_textblock_section \"  itemscope=\"itemscope\" itemtype=\"https:\/\/schema.org\/CreativeWork\" ><div class='avia_textblock  '   itemprop=\"text\" ><h1>Transparenz<\/h1>\n<\/div><\/section><br \/>\n<section class=\"av_textblock_section \"  itemscope=\"itemscope\" itemtype=\"https:\/\/schema.org\/CreativeWork\" ><div class='avia_textblock  '  style='font-size:20px; '  itemprop=\"text\" ><p>Um unsere Arbeit f\u00fcr alle nachvollziehbar zu machen, haben wir uns der Initiative Transparente Zivilgesellschaft angeschlossen. Wir verpflichten uns, die folgenden zehn Informationen der \u00d6ffentlichkeit zur Verf\u00fcgung zu stellen und aktuell zu halten.<\/p>\n<\/div><\/section><\/p><\/div><div class='av-flex-placeholder'><\/div>\n<style type=\"text\/css\" data-created_by=\"avia_inline_auto\" id=\"style-css-av-12iwk-a14b6a52ffbcc7d6fe79ed0104817573\">\n.flex_column.av-12iwk-a14b6a52ffbcc7d6fe79ed0104817573{\nborder-radius:0px 0px 0px 0px;\n-webkit-border-radius:0px 0px 0px 0px;\n-moz-border-radius:0px 0px 0px 0px;\n}\n<\/style>\n<div class='flex_column av-12iwk-a14b6a52ffbcc7d6fe79ed0104817573 av_one_half  avia-builder-el-4  el_after_av_one_half  avia-builder-el-last  av-break-at-tablet flex_column_table_cell av-equal-height-column av-align-middle av-zero-column-padding '   ><style type=\"text\/css\" data-created_by=\"avia_inline_auto\" id=\"style-css-av-jsyrsq2i-8d8b076d1a8327ffd7c68b040872c098\">\n.avia-image-container.av-jsyrsq2i-8d8b076d1a8327ffd7c68b040872c098 .av-image-caption-overlay-center{\ncolor:#ffffff;\n}\n<\/style>\n<div  class='avia-image-container av-jsyrsq2i-8d8b076d1a8327ffd7c68b040872c098 av-styling-no-styling avia-align-center  avia-builder-el-5  avia-builder-el-no-sibling  '  itemprop=\"image\" itemscope=\"itemscope\" itemtype=\"https:\/\/schema.org\/ImageObject\" ><div class=\"avia-image-container-inner\"><div class=\"avia-image-overlay-wrap\"><img class='wp-image-1630 avia-img-lazy-loading-not-1630 avia_image' src=\"https:\/\/panterito.org\/wp-content\/uploads\/2020\/08\/come-in-we-are-open-1.png\" alt='' title='come-in-we-are-open'  height=\"871\" width=\"1200\"  itemprop=\"thumbnailUrl\" srcset=\"https:\/\/panterito.org\/wp-content\/uploads\/2020\/08\/come-in-we-are-open-1.png 1200w, https:\/\/panterito.org\/wp-content\/uploads\/2020\/08\/come-in-we-are-open-1-300x218.png 300w, https:\/\/panterito.org\/wp-content\/uploads\/2020\/08\/come-in-we-are-open-1-768x557.png 768w, https:\/\/panterito.org\/wp-content\/uploads\/2020\/08\/come-in-we-are-open-1-1030x748.png 1030w, https:\/\/panterito.org\/wp-content\/uploads\/2020\/08\/come-in-we-are-open-1-705x512.png 705w\" sizes=\"(max-width: 1200px) 100vw, 1200px\" \/><\/div><\/div><\/div><\/div><\/div><!--close column table wrapper. Autoclose: 1 -->\n\n<\/div><\/div><\/main><!-- close content main element --><\/div><div class='av-extra-border-element border-extra-diagonal border-extra-diagonal-inverse '><div class='av-extra-border-outer'><div class='av-extra-border-inner'><\/div><\/div><\/div><\/div>\n<style type=\"text\/css\" data-created_by=\"avia_inline_auto\" id=\"style-css-av-jsyrtv9a-3f8a6de5a2217e0f26e34e8daf11fb9f\">\n.avia-section.av-jsyrtv9a-3f8a6de5a2217e0f26e34e8daf11fb9f .av-extra-border-element .av-extra-border-inner{\nbackground-color:#f9cf44;\n}\n<\/style>\n<div id='av_section_2'  class='avia-section av-jsyrtv9a-3f8a6de5a2217e0f26e34e8daf11fb9f main_color avia-section-default avia-no-border-styling  avia-builder-el-6  el_after_av_section  el_before_av_section  avia-bg-style-scroll  container_wrap sidebar_right'  ><div class='container av-section-cont-open' ><div class='template-page content  av-content-small alpha units'><div class='post-entry post-entry-type-page post-entry-1611'><div class='entry-content-wrapper clearfix'>\n\n<style type=\"text\/css\" data-created_by=\"avia_inline_auto\" id=\"style-css-av-1k4us-1b550e9edcde056f581ce9a728aa99f0\">\n.flex_column.av-1k4us-1b550e9edcde056f581ce9a728aa99f0{\nborder-radius:0px 0px 0px 0px;\n-webkit-border-radius:0px 0px 0px 0px;\n-moz-border-radius:0px 0px 0px 0px;\n}\n<\/style>\n<div class='flex_column av-1k4us-1b550e9edcde056f581ce9a728aa99f0 av_two_third  avia-builder-el-7  el_before_av_one_third  avia-builder-el-first  first flex_column_div av-zero-column-padding '   ><section class=\"av_textblock_section \"  itemscope=\"itemscope\" itemtype=\"https:\/\/schema.org\/CreativeWork\" ><div class='avia_textblock  '   itemprop=\"text\" ><h2 class=\"h1\">Informationen \u00fcber die Panterito Stiftung<\/h2>\n<p class=\"h1\">entsprechend der Selbstverpflichtung der <a href=\"https:\/\/www.transparency.de\/mitmachen\/initiative-transparente-zivilgesellschaft\/\">Initiative Transparente Zivilgesellschaft<\/a><\/p>\n<p>Stand: 15.10.2021<\/p>\n<\/div><\/section><\/div>\n<style type=\"text\/css\" data-created_by=\"avia_inline_auto\" id=\"style-css-av-1k4us-1a15256ec3e71f5993c7fd133600261c\">\n.flex_column.av-1k4us-1a15256ec3e71f5993c7fd133600261c{\nborder-radius:0px 0px 0px 0px;\n-webkit-border-radius:0px 0px 0px 0px;\n-moz-border-radius:0px 0px 0px 0px;\n}\n<\/style>\n<div class='flex_column av-1k4us-1a15256ec3e71f5993c7fd133600261c av_one_third  avia-builder-el-9  el_after_av_two_third  el_before_av_one_full  flex_column_div av-zero-column-padding '   ><style type=\"text\/css\" data-created_by=\"avia_inline_auto\" id=\"style-css-av-kganwyn5-94617fc67576b3e0245f23a016b678cd\">\n.avia-image-container.av-kganwyn5-94617fc67576b3e0245f23a016b678cd .av-image-caption-overlay-center{\ncolor:#ffffff;\n}\n<\/style>\n<div  class='avia-image-container av-kganwyn5-94617fc67576b3e0245f23a016b678cd av-styling- avia-align-center  avia-builder-el-10  avia-builder-el-no-sibling  '  itemprop=\"image\" itemscope=\"itemscope\" itemtype=\"https:\/\/schema.org\/ImageObject\" ><div class=\"avia-image-container-inner\"><div class=\"avia-image-overlay-wrap\"><a href=\"https:\/\/www.transparency.de\/mitmachen\/initiative-transparente-zivilgesellschaft\/?L=0\" class='avia_image' target=\"_blank\" rel=\"noopener noreferrer\"><img width=\"300\" height=\"82\" class='wp-image-1696 avia-img-lazy-loading-not-1696 avia_image' src=\"https:\/\/panterito.org\/wp-content\/uploads\/2020\/10\/Transparente_ZivilgesellschaftPNG-300x82.png\" alt='' title='Transparente_ZivilgesellschaftPNG'  itemprop=\"thumbnailUrl\" srcset=\"https:\/\/panterito.org\/wp-content\/uploads\/2020\/10\/Transparente_ZivilgesellschaftPNG-300x82.png 300w, https:\/\/panterito.org\/wp-content\/uploads\/2020\/10\/Transparente_ZivilgesellschaftPNG-705x192.png 705w, https:\/\/panterito.org\/wp-content\/uploads\/2020\/10\/Transparente_ZivilgesellschaftPNG.png 735w\" sizes=\"(max-width: 300px) 100vw, 300px\" \/><\/a><\/div><\/div><\/div><\/div>\n<style type=\"text\/css\" data-created_by=\"avia_inline_auto\" id=\"style-css-av-1k4us-1b550e9edcde056f581ce9a728aa99f0\">\n.flex_column.av-1k4us-1b550e9edcde056f581ce9a728aa99f0{\nborder-radius:0px 0px 0px 0px;\n-webkit-border-radius:0px 0px 0px 0px;\n-moz-border-radius:0px 0px 0px 0px;\n}\n<\/style>\n<div class='flex_column av-1k4us-1b550e9edcde056f581ce9a728aa99f0 av_one_full  avia-builder-el-11  el_after_av_one_third  avia-builder-el-last  first flex_column_div av-zero-column-padding column-top-margin'   ><section class=\"av_textblock_section \"  itemscope=\"itemscope\" itemtype=\"https:\/\/schema.org\/CreativeWork\" ><div class='avia_textblock  '   itemprop=\"text\" ><h5>1. Name, Sitz, Anschrift und Gr\u00fcndungsjahr<\/h5>\n<p>Panterito Stiftung<br \/>\nSitz: Neustadt\/Wied<br \/>\nAnschrift Gesch\u00e4ftsstelle: Klufterstr. 22, 53175 Bonn<br \/>\n(Alle Kontakte siehe auch: <a href=\"https:\/\/panterito.org\/de\/impressum\" data-type=\"LINK\" data-url=\"https:\/\/panterito.org\/de\/impressum\">Impressum<\/a>)<\/p>\n<p data-type=\"unstyled\" data-depth=\"1\" data-id=\"217d1156-a6dd-4545-90bc-701ea03c90f2\">Gr\u00fcndungsjahr: 2010<\/p>\n<h5>2. Vollst\u00e4ndige Satzung sowie Angaben zu den Organisationszielen<\/h5>\n<p data-type=\"unstyled\" data-id=\"c9022404-3e73-41ae-96ea-dd896e8ddd3e\" data-depth=\"1\">Zur <a href=\"https:\/\/panterito.org\/Satzung_Panterito_Web.pdf\">Satzung<\/a><\/p>\n<p data-type=\"unstyled\" data-id=\"62fbb1db-0075-4996-9140-1cd5f70cb0c4\" data-depth=\"1\">Allgemeine Angaben zu den <a href=\"https:\/\/panterito.org\/de\/\" data-type=\"LINK\" data-url=\"https:\/\/panterito.org\/de\/\">Zielen sowie Themenfeldern<\/a><\/p>\n<h5>3. Angaben zur Steuerbeg\u00fcnstigung<\/h5>\n<p data-type=\"unstyled\" data-id=\"f823ed53-1a96-4a6f-a9af-34cf7568371a\" data-depth=\"1\">Unsere Arbeit ist wegen F\u00f6rderung des Umweltschutzes (\u00a7 52 Abs. 2 S. 1 Nr. 08 AO) sowie F\u00f6rderung der Entwicklungszusammenarbeit (\u00a7 52 Abs. 2 S. 1 Nr. 15 AO) nach dem letzten uns zugegangenen Freistellungsbescheid des Finanzamts Neuwied (Steuernummer 32\/671\/54391) vom 20.05.2019 nach \u00a7 5 Abs. 1 Nr. 9 des K\u00f6rperschaftsteuergesetzes von der K\u00f6rperschaftsteuer und nach \u00a7 3 Nr. 6 des Gewerbesteuergesetzes von der Gewerbesteuer befreit.<\/p>\n<p data-type=\"unstyled\" data-depth=\"1\" data-id=\"c8681b17-17d5-4cba-b3f8-7c94c5fac536\"><a href=\"https:\/\/panterito.org\/Freistellungsbescheid_Panterito_2017.pdf\">Freistellungsbescheid des Finanzamts<\/a> (20.05.2019)<\/p>\n<h5>4. Name und Funktion wesentlicher Entscheidungstr\u00e4ger<\/h5>\n<p data-type=\"unstyled\" data-id=\"f818d249-8509-4cef-a787-889cb2769263\" data-depth=\"1\">Zum <a href=\"https:\/\/panterito.org\/de\/panterito\/#team\" data-type=\"LINK\" data-url=\"https:\/\/panterito.org\/de\/panterito\/#team\">Team<\/a> (siehe auch Jahresbericht 2020)<\/p>\n<h5>5. T\u00e4tigkeitsbericht<\/h5>\n<p data-type=\"unstyled\" data-id=\"8a6d71ed-fabe-47bf-8fb0-33035787fbd0\" data-depth=\"1\">Zum <a href=\"https:\/\/panterito.org\/wp-content\/uploads\/2021\/11\/Jahresbericht-2020.pdf\">Jahresbericht 2020<\/a><\/p>\n<h5>6. Personalstruktur<\/h5>\n<p>Die Mitarbeiter sind identisch mit dem Vorstand, der die Stiftung ehrenamtlich leitet.<\/p>\n<p data-type=\"unstyled\" data-id=\"471dd8ed-5611-4881-80ea-94a0cea85ee4\" data-depth=\"1\">Zum <a href=\"https:\/\/panterito.org\/de\/panterito\/#team\" data-type=\"LINK\" data-url=\"https:\/\/panterito.org\/de\/panterito\/#team\">Team<\/a><\/p>\n<h5>7. Angaben zur Mittelherkunft und<br \/>\n8. Angaben zur Mittelverwendung<\/h5>\n<p data-type=\"unstyled\" data-id=\"c32abd10-f620-4c18-942c-78233959c3ad\" data-depth=\"1\">Zur <a href=\"https:\/\/panterito.org\/de\/panterito#finanzierung\">Finanzierung<\/a><\/p>\n<h5>9. Gesellschaftsrechtliche Verbundenheit mit Dritten<\/h5>\n<p data-type=\"unstyled\" data-id=\"6fc4eaae-269f-4862-a42c-7e14ff66fd35\" data-depth=\"1\">Die Panterito Stiftung ist mit niemandem gesellschaftsrechtlich verbunden.<\/p>\n<h5>10. Namen von Personen, deren j\u00e4hrliche Zahlungen mehr als 10 % unserer gesamten Jahreseinnahmen ausmachen<\/h5>\n<p data-type=\"unstyled\" data-id=\"36ff6e2a-f0b9-481f-829f-50734430170d\" data-depth=\"1\">Durchforstungserl\u00f6se Forest Finance Service GmbH: 1.433,62 \u20ac<br \/>\nSpende Africa GreenTec AG: 500,00 \u20ac<\/p>\n<\/div><\/section><br \/>\n\n<style type=\"text\/css\" data-created_by=\"avia_inline_auto\" id=\"style-css-av-ke8fpc3f-dafa34a2d1f43c84c453620ba85be2d5\">\n#top .hr.hr-invisible.av-ke8fpc3f-dafa34a2d1f43c84c453620ba85be2d5{\nheight:50px;\n}\n<\/style>\n<div  class='hr av-ke8fpc3f-dafa34a2d1f43c84c453620ba85be2d5 hr-invisible  avia-builder-el-13  el_after_av_textblock  avia-builder-el-last  '><span class='hr-inner '><span class=\"hr-inner-style\"><\/span><\/span><\/div><\/p><\/div><\/div><\/div><\/div><!-- close content main div --><\/div><div class='av-extra-border-element border-extra-diagonal border-extra-diagonal-inverse '><div class='av-extra-border-outer'><div class='av-extra-border-inner'><\/div><\/div><\/div><\/div>\n<style type=\"text\/css\" data-created_by=\"avia_inline_auto\" id=\"style-css-av-jsyrtv9a-68a1117ef7759f385c74b3910b0d776e\">\n.avia-section.av-jsyrtv9a-68a1117ef7759f385c74b3910b0d776e{\nbackground-color:#f9cf44;\n}\n.avia-section.av-jsyrtv9a-68a1117ef7759f385c74b3910b0d776e .av-extra-border-element .av-extra-border-inner{\nbackground-color:#ffffff;\n}\n<\/style>\n<div id='av_section_3'  class='avia-section av-jsyrtv9a-68a1117ef7759f385c74b3910b0d776e main_color avia-section-huge avia-no-border-styling  avia-builder-el-14  el_after_av_section  avia-builder-el-last  avia-bg-style-scroll  container_wrap sidebar_right'  ><div class='container av-section-cont-open' ><div class='template-page content  av-content-small alpha units'><div class='post-entry post-entry-type-page post-entry-1611'><div class='entry-content-wrapper clearfix'>\n\n<style type=\"text\/css\" data-created_by=\"avia_inline_auto\" id=\"style-css-av-1k4us-1b550e9edcde056f581ce9a728aa99f0\">\n.flex_column.av-1k4us-1b550e9edcde056f581ce9a728aa99f0{\nborder-radius:0px 0px 0px 0px;\n-webkit-border-radius:0px 0px 0px 0px;\n-moz-border-radius:0px 0px 0px 0px;\n}\n<\/style>\n<div class='flex_column av-1k4us-1b550e9edcde056f581ce9a728aa99f0 av_one_fifth  avia-builder-el-15  el_before_av_three_fifth  avia-builder-el-first  first flex_column_div av-zero-column-padding '   ><\/div>\n<style type=\"text\/css\" data-created_by=\"avia_inline_auto\" id=\"style-css-av-1k4us-1a15256ec3e71f5993c7fd133600261c\">\n.flex_column.av-1k4us-1a15256ec3e71f5993c7fd133600261c{\nborder-radius:0px 0px 0px 0px;\n-webkit-border-radius:0px 0px 0px 0px;\n-moz-border-radius:0px 0px 0px 0px;\n}\n<\/style>\n<div class='flex_column av-1k4us-1a15256ec3e71f5993c7fd133600261c av_three_fifth  avia-builder-el-16  el_after_av_one_fifth  el_before_av_one_fifth  flex_column_div av-zero-column-padding '   ><section class=\"av_textblock_section \"  itemscope=\"itemscope\" itemtype=\"https:\/\/schema.org\/CreativeWork\" ><div class='avia_textblock  '   itemprop=\"text\" ><h2 style=\"text-align: center;\">Selbst aktiv werden<\/h2>\n<p class=\"p1\" style=\"text-align: center;\">Hast du eine f\u00f6rdernswerte Projektidee im Bereich Umweltschutz und Umweltbildung? Oder willst du die Panterito Stiftung mit helfenden H\u00e4nden, Sach- oder Geldspenden unterst\u00fctzen?<\/p>\n<\/div><\/section><br \/>\n\n<style type=\"text\/css\" data-created_by=\"avia_inline_auto\" id=\"style-css-av-106ew-89d37873ad7224d7fe6608e1fe32ce97\">\n#top .hr.hr-invisible.av-106ew-89d37873ad7224d7fe6608e1fe32ce97{\nheight:15px;\n}\n<\/style>\n<div  class='hr av-106ew-89d37873ad7224d7fe6608e1fe32ce97 hr-invisible  avia-builder-el-18  el_after_av_textblock  el_before_av_button  '><span class='hr-inner '><span class=\"hr-inner-style\"><\/span><\/span><\/div><br \/>\n<div  class='avia-button-wrap avia-button-center  avia-builder-el-19  el_after_av_hr  avia-builder-el-last ' ><a href='https:\/\/panterito.org\/de\/impressum\/'  class='avia-button av-jsyu6hzf-028dc0e9e1ac213e9274fbab13d7b360 avia-icon_select-no avia-size-large avia-position-center avia-color-dark ' ><span class='avia_iconbox_title' >Dann nimm Kontakt mit uns auf!<\/span><\/a><\/div><\/p><\/div>\n<style type=\"text\/css\" data-created_by=\"avia_inline_auto\" id=\"style-css-av-1k4us-1a15256ec3e71f5993c7fd133600261c\">\n.flex_column.av-1k4us-1a15256ec3e71f5993c7fd133600261c{\nborder-radius:0px 0px 0px 0px;\n-webkit-border-radius:0px 0px 0px 0px;\n-moz-border-radius:0px 0px 0px 0px;\n}\n<\/style>\n<div class='flex_column av-1k4us-1a15256ec3e71f5993c7fd133600261c av_one_fifth  avia-builder-el-20  el_after_av_three_fifth  avia-builder-el-last  flex_column_div av-zero-column-padding '   ><\/div>\n<\/div><\/div><\/div><!-- close content main div --><\/div><div class='av-extra-border-element border-extra-diagonal border-extra-diagonal-inverse '><div class='av-extra-border-outer'><div class='av-extra-border-inner'><\/div><\/div><\/div><\/div><div id='after_section_3'  class='main_color av_default_container_wrap container_wrap sidebar_right'  ><div class='container av-section-cont-open' ><div class='template-page content  av-content-small alpha units'><div class='post-entry post-entry-type-page post-entry-1611'><div class='entry-content-wrapper clearfix'><\/p>\n","protected":false},"excerpt":{"rendered":"","protected":false},"author":1,"featured_media":0,"parent":0,"menu_order":0,"comment_status":"closed","ping_status":"closed","template":"","meta":[],"yoast_head":"<!-- This site is optimized with the Yoast SEO plugin v17.3 - https:\/\/yoast.com\/wordpress\/plugins\/seo\/ -->\n<title>Transparenz - Panterito Stiftung<\/title>\n<meta name=\"robots\" content=\"index, follow, max-snippet:-1, max-image-preview:large, max-video-preview:-1\" \/>\n<link rel=\"canonical\" href=\"https:\/\/panterito.org\/de\/transparenz\/\" \/>\n<meta property=\"og:locale\" content=\"de_DE\" \/>\n<meta property=\"og:type\" content=\"article\" \/>\n<meta property=\"og:title\" content=\"Transparenz - Panterito Stiftung\" \/>\n<meta property=\"og:url\" content=\"https:\/\/panterito.org\/de\/transparenz\/\" \/>\n<meta property=\"og:site_name\" content=\"Panterito Stiftung\" \/>\n<meta property=\"article:modified_time\" content=\"2021-11-15T11:45:10+00:00\" \/>\n<meta name=\"twitter:card\" content=\"summary_large_image\" \/>\n<meta name=\"twitter:label1\" content=\"Gesch\u00e4tzte Lesezeit\" \/>\n\t<meta name=\"twitter:data1\" content=\"10\u00a0Minuten\" \/>\n<script type=\"application\/ld+json\" class=\"yoast-schema-graph\">{\"@context\":\"https:\/\/schema.org\",\"@graph\":[{\"@type\":\"WebSite\",\"@id\":\"https:\/\/panterito.org\/de\/#website\",\"url\":\"https:\/\/panterito.org\/de\/\",\"name\":\"Panterito Stiftung\",\"description\":\"\",\"potentialAction\":[{\"@type\":\"SearchAction\",\"target\":{\"@type\":\"EntryPoint\",\"urlTemplate\":\"https:\/\/panterito.org\/de\/?s={search_term_string}\"},\"query-input\":\"required name=search_term_string\"}],\"inLanguage\":\"de\"},{\"@type\":\"WebPage\",\"@id\":\"https:\/\/panterito.org\/de\/transparenz\/#webpage\",\"url\":\"https:\/\/panterito.org\/de\/transparenz\/\",\"name\":\"Transparenz - Panterito Stiftung\",\"isPartOf\":{\"@id\":\"https:\/\/panterito.org\/de\/#website\"},\"datePublished\":\"2020-08-24T12:47:34+00:00\",\"dateModified\":\"2021-11-15T11:45:10+00:00\",\"breadcrumb\":{\"@id\":\"https:\/\/panterito.org\/de\/transparenz\/#breadcrumb\"},\"inLanguage\":\"de\",\"potentialAction\":[{\"@type\":\"ReadAction\",\"target\":[\"https:\/\/panterito.org\/de\/transparenz\/\"]}]},{\"@type\":\"BreadcrumbList\",\"@id\":\"https:\/\/panterito.org\/de\/transparenz\/#breadcrumb\",\"itemListElement\":[{\"@type\":\"ListItem\",\"position\":1,\"name\":\"Home\",\"item\":\"https:\/\/panterito.org\/de\/home\/\"},{\"@type\":\"ListItem\",\"position\":2,\"name\":\"Transparenz\"}]}]}<\/script>\n<!-- \/ Yoast SEO plugin. -->","yoast_head_json":{"title":"Transparenz - Panterito Stiftung","robots":{"index":"index","follow":"follow","max-snippet":"max-snippet:-1","max-image-preview":"max-image-preview:large","max-video-preview":"max-video-preview:-1"},"canonical":"https:\/\/panterito.org\/de\/transparenz\/","og_locale":"de_DE","og_type":"article","og_title":"Transparenz - Panterito Stiftung","og_url":"https:\/\/panterito.org\/de\/transparenz\/","og_site_name":"Panterito Stiftung","article_modified_time":"2021-11-15T11:45:10+00:00","twitter_card":"summary_large_image","twitter_misc":{"Gesch\u00e4tzte Lesezeit":"10\u00a0Minuten"},"schema":{"@context":"https:\/\/schema.org","@graph":[{"@type":"WebSite","@id":"https:\/\/panterito.org\/de\/#website","url":"https:\/\/panterito.org\/de\/","name":"Panterito Stiftung","description":"","potentialAction":[{"@type":"SearchAction","target":{"@type":"EntryPoint","urlTemplate":"https:\/\/panterito.org\/de\/?s={search_term_string}"},"query-input":"required name=search_term_string"}],"inLanguage":"de"},{"@type":"WebPage","@id":"https:\/\/panterito.org\/de\/transparenz\/#webpage","url":"https:\/\/panterito.org\/de\/transparenz\/","name":"Transparenz - Panterito Stiftung","isPartOf":{"@id":"https:\/\/panterito.org\/de\/#website"},"datePublished":"2020-08-24T12:47:34+00:00","dateModified":"2021-11-15T11:45:10+00:00","breadcrumb":{"@id":"https:\/\/panterito.org\/de\/transparenz\/#breadcrumb"},"inLanguage":"de","potentialAction":[{"@type":"ReadAction","target":["https:\/\/panterito.org\/de\/transparenz\/"]}]},{"@type":"BreadcrumbList","@id":"https:\/\/panterito.org\/de\/transparenz\/#breadcrumb","itemListElement":[{"@type":"ListItem","position":1,"name":"Home","item":"https:\/\/panterito.org\/de\/home\/"},{"@type":"ListItem","position":2,"name":"Transparenz"}]}]}},"_links":{"self":[{"href":"https:\/\/panterito.org\/de\/wp-json\/wp\/v2\/pages\/1611"}],"collection":[{"href":"https:\/\/panterito.org\/de\/wp-json\/wp\/v2\/pages"}],"about":[{"href":"https:\/\/panterito.org\/de\/wp-json\/wp\/v2\/types\/page"}],"author":[{"embeddable":true,"href":"https:\/\/panterito.org\/de\/wp-json\/wp\/v2\/users\/1"}],"replies":[{"embeddable":true,"href":"https:\/\/panterito.org\/de\/wp-json\/wp\/v2\/comments?post=1611"}],"version-history":[{"count":17,"href":"https:\/\/panterito.org\/de\/wp-json\/wp\/v2\/pages\/1611\/revisions"}],"predecessor-version":[{"id":2363,"href":"https:\/\/panterito.org\/de\/wp-json\/wp\/v2\/pages\/1611\/revisions\/2363"}],"wp:attachment":[{"href":"https:\/\/panterito.org\/de\/wp-json\/wp\/v2\/media?parent=1611"}],"curies":[{"name":"wp","href":"https:\/\/api.w.org\/{rel}","templated":true}]}}